{"id":5021,"date":"2025-09-28T12:13:53","date_gmt":"2025-09-28T09:13:53","guid":{"rendered":"https:\/\/www.orcangroup.com.tr\/?post_type=product&#038;p=5021"},"modified":"2025-10-02T17:46:47","modified_gmt":"2025-10-02T14:46:47","slug":"orpor-tavan-dekoru","status":"publish","type":"product","link":"https:\/\/www.orcangroup.com.tr\/en\/product\/orpor-tavan-dekoru\/","title":{"rendered":"ORPOR CEILING DECORATION"},"content":{"rendered":"<p>Produced in 50 x 50 cm dimensions, it is used decoratively on ceilings and walls, particularly in areas prone to moisture and mold formation.<\/p>\n<p>Additionally, there are models designed as ceiling medallions for lighting fixtures.<\/p>","protected":false},"excerpt":{"rendered":"<p>50 x 50 cm \u00f6l\u00e7\u00fclerinde \u00fcretilmekte olup, nem ve k\u00fcf olu\u015fumu meydana gelen yerlerde (tavan, duvar) dekoratif ama\u00e7l\u0131 kullan\u0131lmaktad\u0131r. Ayr\u0131ca ayd\u0131nlatma tavan g\u00f6be\u011fi olarak \u00fcretilen modelleri mevcuttur.<\/p>","protected":false},"featured_media":5022,"comment_status":"closed","ping_status":"closed","template":"","meta":{"inline_featured_image":false},"product_brand":[],"product_cat":[62],"product_tag":[],"class_list":{"0":"post-5021","1":"product","2":"type-product","3":"status-publish","4":"has-post-thumbnail","6":"product_cat-insaat","8":"first","9":"instock","10":"shipping-taxable","11":"product-type-simple"},"_links":{"self":[{"href":"https:\/\/www.orcangroup.com.tr\/en\/wp-json\/wp\/v2\/product\/5021","targetHints":{"allow":["GET"]}}],"collection":[{"href":"https:\/\/www.orcangroup.com.tr\/en\/wp-json\/wp\/v2\/product"}],"about":[{"href":"https:\/\/www.orcangroup.com.tr\/en\/wp-json\/wp\/v2\/types\/product"}],"replies":[{"embeddable":true,"href":"https:\/\/www.orcangroup.com.tr\/en\/wp-json\/wp\/v2\/comments?post=5021"}],"wp:featuredmedia":[{"embeddable":true,"href":"https:\/\/www.orcangroup.com.tr\/en\/wp-json\/wp\/v2\/media\/5022"}],"wp:attachment":[{"href":"https:\/\/www.orcangroup.com.tr\/en\/wp-json\/wp\/v2\/media?parent=5021"}],"wp:term":[{"taxonomy":"product_brand","embeddable":true,"href":"https:\/\/www.orcangroup.com.tr\/en\/wp-json\/wp\/v2\/product_brand?post=5021"},{"taxonomy":"product_cat","embeddable":true,"href":"https:\/\/www.orcangroup.com.tr\/en\/wp-json\/wp\/v2\/product_cat?post=5021"},{"taxonomy":"product_tag","embeddable":true,"href":"https:\/\/www.orcangroup.com.tr\/en\/wp-json\/wp\/v2\/product_tag?post=5021"}],"curies":[{"name":"wp","href":"https:\/\/api.w.org\/{rel}","templated":true}]}}