{"id":5040,"date":"2025-09-28T12:19:30","date_gmt":"2025-09-28T09:19:30","guid":{"rendered":"https:\/\/www.orcangroup.com.tr\/?post_type=product&#038;p=5040"},"modified":"2025-10-02T17:44:38","modified_gmt":"2025-10-02T14:44:38","slug":"geopor-geofoam","status":"publish","type":"product","link":"https:\/\/www.orcangroup.com.tr\/en\/product\/geopor-geofoam\/","title":{"rendered":"GEOPOR (GEOFOAM)"},"content":{"rendered":"<p>The use of EPS as a lightweight fill material in civil engineering is referred to as Geofoam.<\/p>\n<p>Compared to traditional fill materials, its most notable technical advantages are its light weight, high strength-to-density ratio, easy moldability, dimensional stability, low water absorption rate, and rapid application capability. It is used in road construction, bridge approaches, slopes, and loose soil areas.<\/p>\n<p>It is also used in landscaping applications to create fills and mounds.<\/p>","protected":false},"excerpt":{"rendered":"<p>EPS\u2019nin in\u015faat m\u00fchendisli\u011finde hafif dolgu malzemesi olarak kullan\u0131lmas\u0131 Geofoam olarak adland\u0131r\u0131l\u0131r. Geleneksel dolgu malzemelerine g\u00f6re en belirgin \u00fcst\u00fcn teknik \u00f6zellikleri; hafifli\u011fi, y\u00fcksek mukavemet\/yo\u011funluk oran\u0131na sahip olmas\u0131, \u00e7ok kolay \u015fekil verilebilmesi, boyutsal kararl\u0131l\u0131\u011f\u0131, su emme oran\u0131n\u0131n d\u00fc\u015f\u00fck olmas\u0131 ve \u00e7ok h\u0131zl\u0131 bir uygulama yap\u0131s\u0131na sahip olmas\u0131d\u0131r. Yol yap\u0131mlar\u0131nda, k\u00f6pr\u00fc yakla\u015f\u0131mlar\u0131nda, \u015fevlerde ve gev\u015fek zeminlerde kullan\u0131lmaktad\u0131r. Ayr\u0131ca [&hellip;]<\/p>","protected":false},"featured_media":5041,"comment_status":"closed","ping_status":"closed","template":"","meta":{"inline_featured_image":false},"product_brand":[],"product_cat":[62],"product_tag":[],"class_list":{"0":"post-5040","1":"product","2":"type-product","3":"status-publish","4":"has-post-thumbnail","6":"product_cat-insaat","8":"first","9":"instock","10":"shipping-taxable","11":"product-type-simple"},"_links":{"self":[{"href":"https:\/\/www.orcangroup.com.tr\/en\/wp-json\/wp\/v2\/product\/5040","targetHints":{"allow":["GET"]}}],"collection":[{"href":"https:\/\/www.orcangroup.com.tr\/en\/wp-json\/wp\/v2\/product"}],"about":[{"href":"https:\/\/www.orcangroup.com.tr\/en\/wp-json\/wp\/v2\/types\/product"}],"replies":[{"embeddable":true,"href":"https:\/\/www.orcangroup.com.tr\/en\/wp-json\/wp\/v2\/comments?post=5040"}],"wp:featuredmedia":[{"embeddable":true,"href":"https:\/\/www.orcangroup.com.tr\/en\/wp-json\/wp\/v2\/media\/5041"}],"wp:attachment":[{"href":"https:\/\/www.orcangroup.com.tr\/en\/wp-json\/wp\/v2\/media?parent=5040"}],"wp:term":[{"taxonomy":"product_brand","embeddable":true,"href":"https:\/\/www.orcangroup.com.tr\/en\/wp-json\/wp\/v2\/product_brand?post=5040"},{"taxonomy":"product_cat","embeddable":true,"href":"https:\/\/www.orcangroup.com.tr\/en\/wp-json\/wp\/v2\/product_cat?post=5040"},{"taxonomy":"product_tag","embeddable":true,"href":"https:\/\/www.orcangroup.com.tr\/en\/wp-json\/wp\/v2\/product_tag?post=5040"}],"curies":[{"name":"wp","href":"https:\/\/api.w.org\/{rel}","templated":true}]}}