{"id":5054,"date":"2025-09-28T12:22:56","date_gmt":"2025-09-28T09:22:56","guid":{"rendered":"https:\/\/www.orcangroup.com.tr\/?post_type=product&#038;p=5054"},"modified":"2025-10-05T17:42:38","modified_gmt":"2025-10-05T14:42:38","slug":"orpor-eps-beyaz-yalitim-levhasi","status":"publish","type":"product","link":"https:\/\/www.orcangroup.com.tr\/en\/product\/orpor-eps-beyaz-yalitim-levhasi\/","title":{"rendered":"ORPOR EPS WHITE INSULATION BOARD"},"content":{"rendered":"<p>It is a thermal insulation material made from expanded polystyrene (EPS).<\/p>\n<p>It is manufactured in compliance with the thermal insulation materials standard TS EN 13163. It is used in exterior wall insulation systems and retaining wall waterproofing applications. EPS is easy to apply, lightweight, environmentally friendly, waterproof, and can be produced in various thicknesses as required.<\/p>","protected":false},"excerpt":{"rendered":"<p>Genle\u015ftirilmi\u015f polistirenden (EPS) \u00fcretilmi\u015f \u0131s\u0131 yal\u0131t\u0131m malzemesidir. TS EN 13163 No\u2019lu \u0131s\u0131 yal\u0131t\u0131m malzemeleri standartlar\u0131na uygun olarak \u00fcretilmektedir. Binalar\u0131n d\u0131\u015f cephe mantolama uygulamalar\u0131 ve perde beton izolasyonlar\u0131nda kullan\u0131l\u0131r. Kolay uygulanabilir, hafif, \u00e7evre dostu ve su ge\u00e7irmeyen EPS istenilen kal\u0131nl\u0131klarda \u00fcretilebilir.<\/p>","protected":false},"featured_media":5055,"comment_status":"closed","ping_status":"closed","template":"","meta":{"inline_featured_image":false},"product_brand":[],"product_cat":[62],"product_tag":[],"class_list":{"0":"post-5054","1":"product","2":"type-product","3":"status-publish","4":"has-post-thumbnail","6":"product_cat-insaat","8":"first","9":"instock","10":"shipping-taxable","11":"product-type-simple"},"_links":{"self":[{"href":"https:\/\/www.orcangroup.com.tr\/en\/wp-json\/wp\/v2\/product\/5054","targetHints":{"allow":["GET"]}}],"collection":[{"href":"https:\/\/www.orcangroup.com.tr\/en\/wp-json\/wp\/v2\/product"}],"about":[{"href":"https:\/\/www.orcangroup.com.tr\/en\/wp-json\/wp\/v2\/types\/product"}],"replies":[{"embeddable":true,"href":"https:\/\/www.orcangroup.com.tr\/en\/wp-json\/wp\/v2\/comments?post=5054"}],"wp:featuredmedia":[{"embeddable":true,"href":"https:\/\/www.orcangroup.com.tr\/en\/wp-json\/wp\/v2\/media\/5055"}],"wp:attachment":[{"href":"https:\/\/www.orcangroup.com.tr\/en\/wp-json\/wp\/v2\/media?parent=5054"}],"wp:term":[{"taxonomy":"product_brand","embeddable":true,"href":"https:\/\/www.orcangroup.com.tr\/en\/wp-json\/wp\/v2\/product_brand?post=5054"},{"taxonomy":"product_cat","embeddable":true,"href":"https:\/\/www.orcangroup.com.tr\/en\/wp-json\/wp\/v2\/product_cat?post=5054"},{"taxonomy":"product_tag","embeddable":true,"href":"https:\/\/www.orcangroup.com.tr\/en\/wp-json\/wp\/v2\/product_tag?post=5054"}],"curies":[{"name":"wp","href":"https:\/\/api.w.org\/{rel}","templated":true}]}}