{"id":5272,"date":"2025-10-02T17:56:34","date_gmt":"2025-10-02T14:56:34","guid":{"rendered":"https:\/\/www.orcangroup.com.tr\/?post_type=product&#038;p=5272"},"modified":"2025-10-04T21:09:12","modified_gmt":"2025-10-04T18:09:12","slug":"orpor-dolgu-malzemesi","status":"publish","type":"product","link":"https:\/\/www.orcangroup.com.tr\/en\/product\/orpor-dolgu-malzemesi\/","title":{"rendered":"ORPOR FILLING MATERIAL"},"content":{"rendered":"<p>It comes in chip form and is used primarily to protect fragile items inside boxes.<\/p>\n<p>In addition, EPS granules, also known as beads, are used as filling material in seating sets.<\/p>","protected":false},"excerpt":{"rendered":"<p>Cips \u015feklinde olup, \u00f6zellikle k\u0131r\u0131lacak hassas \u00fcr\u00fcnleri koli i\u00e7erisinde korumak amac\u0131 ile kullan\u0131l\u0131r. Ayr\u0131ca boncuk olarak da tabir edilen EPS gran\u00fcller oturma gruplar\u0131nda dolgu olarak kullan\u0131lmaktad\u0131r.<\/p>","protected":false},"featured_media":5019,"comment_status":"closed","ping_status":"closed","template":"","meta":{"inline_featured_image":false},"product_brand":[],"product_cat":[61],"product_tag":[],"class_list":{"0":"post-5272","1":"product","2":"type-product","3":"status-publish","4":"has-post-thumbnail","6":"product_cat-genel","8":"first","9":"instock","10":"shipping-taxable","11":"product-type-simple"},"_links":{"self":[{"href":"https:\/\/www.orcangroup.com.tr\/en\/wp-json\/wp\/v2\/product\/5272","targetHints":{"allow":["GET"]}}],"collection":[{"href":"https:\/\/www.orcangroup.com.tr\/en\/wp-json\/wp\/v2\/product"}],"about":[{"href":"https:\/\/www.orcangroup.com.tr\/en\/wp-json\/wp\/v2\/types\/product"}],"replies":[{"embeddable":true,"href":"https:\/\/www.orcangroup.com.tr\/en\/wp-json\/wp\/v2\/comments?post=5272"}],"wp:featuredmedia":[{"embeddable":true,"href":"https:\/\/www.orcangroup.com.tr\/en\/wp-json\/wp\/v2\/media\/5019"}],"wp:attachment":[{"href":"https:\/\/www.orcangroup.com.tr\/en\/wp-json\/wp\/v2\/media?parent=5272"}],"wp:term":[{"taxonomy":"product_brand","embeddable":true,"href":"https:\/\/www.orcangroup.com.tr\/en\/wp-json\/wp\/v2\/product_brand?post=5272"},{"taxonomy":"product_cat","embeddable":true,"href":"https:\/\/www.orcangroup.com.tr\/en\/wp-json\/wp\/v2\/product_cat?post=5272"},{"taxonomy":"product_tag","embeddable":true,"href":"https:\/\/www.orcangroup.com.tr\/en\/wp-json\/wp\/v2\/product_tag?post=5272"}],"curies":[{"name":"wp","href":"https:\/\/api.w.org\/{rel}","templated":true}]}}