{"id":5275,"date":"2025-10-02T18:03:15","date_gmt":"2025-10-02T15:03:15","guid":{"rendered":"https:\/\/www.orcangroup.com.tr\/?post_type=product&#038;p=5275"},"modified":"2025-10-23T18:47:07","modified_gmt":"2025-10-23T15:47:07","slug":"kose-koruyuculari","status":"publish","type":"product","link":"https:\/\/www.orcangroup.com.tr\/en\/product\/kose-koruyuculari\/","title":{"rendered":"CORNER PROTECTORS"},"content":{"rendered":"<p>Our corner protector products, which significantly reduce the risk of impact or breakage during the shipment of fragile items, are produced as sets of 4-piece and 2-piece corner blocks. These products are manufactured using our own molds and injection machines and are available for sale directly from stock.<\/p>\n<table style=\"width: 100%; border-collapse: collapse; font-size: 14px; font-family: Arial, sans-serif;\">\n<thead>\n<tr style=\"background-color: #f5f5f5;\">\n<th style=\"padding: 8px; border: 1px solid #ddd; text-align: left;\">Product Name<\/th>\n<th style=\"padding: 8px; border: 1px solid #ddd; text-align: left;\">External Dimensions (mm)<\/th>\n<th style=\"padding: 8px; border: 1px solid #ddd; text-align: left;\">Internal Dimensions (mm)<\/th>\n<\/tr>\n<\/thead>\n<tbody>\n<tr>\n<td style=\"padding: 8px; border: 1px solid #ddd;\">4-Piece Corner Block<\/td>\n<td style=\"padding: 8px; border: 1px solid #ddd;\">Please contact us.<\/td>\n<td style=\"padding: 8px; border: 1px solid #ddd;\">Please contact us.<\/td>\n<\/tr>\n<tr>\n<td style=\"padding: 8px; border: 1px solid #ddd;\">2-Piece Corner Block<\/td>\n<td style=\"padding: 8px; border: 1px solid #ddd;\">Please contact us.<\/td>\n<td style=\"padding: 8px; border: 1px solid #ddd;\">Please contact us.<\/td>\n<\/tr>\n<\/tbody>\n<\/table>","protected":false},"excerpt":{"rendered":"<p>\u00d6zellikle \u00e7arpa\/k\u0131r\u0131lma riski ta\u015f\u0131yan e\u015fyalar\u0131n sevkiyat\u0131 s\u0131ras\u0131nda, bu riski \u00f6nemli \u00f6l\u00e7\u00fcde bertaraf eden k\u00f6\u015fe koruyucu \u00fcr\u00fcnlerimiz 4\u2019l\u00fc ve 2\u2019li k\u00f6\u015fe takozlar olarak \u00fcretilmektedir. Kendi kal\u0131plar\u0131m\u0131zla enjeksiyon makinalar\u0131m\u0131zda yapt\u0131\u011f\u0131m\u0131z imalatlar\u0131m\u0131z, stoktan sat\u0131\u015fa sunulmaktad\u0131r. \u00dcr\u00fcn Ad\u0131 D\u0131\u015f \u00d6l\u00e7\u00fc (mm) \u0130\u00e7 \u00d6l\u00e7\u00fc (mm) 4&#8217;l\u00fc K\u00f6\u015fe Takoz l\u00fctfen ileti\u015fime ge\u00e7iniz l\u00fctfen ileti\u015fime ge\u00e7iniz 2&#8217;li K\u00f6\u015fe Takoz l\u00fctfen ileti\u015fime ge\u00e7iniz [&hellip;]<\/p>","protected":false},"featured_media":5005,"comment_status":"closed","ping_status":"closed","template":"","meta":{"inline_featured_image":false},"product_brand":[],"product_cat":[61],"product_tag":[],"class_list":{"0":"post-5275","1":"product","2":"type-product","3":"status-publish","4":"has-post-thumbnail","6":"product_cat-genel","8":"first","9":"instock","10":"shipping-taxable","11":"product-type-simple"},"_links":{"self":[{"href":"https:\/\/www.orcangroup.com.tr\/en\/wp-json\/wp\/v2\/product\/5275","targetHints":{"allow":["GET"]}}],"collection":[{"href":"https:\/\/www.orcangroup.com.tr\/en\/wp-json\/wp\/v2\/product"}],"about":[{"href":"https:\/\/www.orcangroup.com.tr\/en\/wp-json\/wp\/v2\/types\/product"}],"replies":[{"embeddable":true,"href":"https:\/\/www.orcangroup.com.tr\/en\/wp-json\/wp\/v2\/comments?post=5275"}],"wp:featuredmedia":[{"embeddable":true,"href":"https:\/\/www.orcangroup.com.tr\/en\/wp-json\/wp\/v2\/media\/5005"}],"wp:attachment":[{"href":"https:\/\/www.orcangroup.com.tr\/en\/wp-json\/wp\/v2\/media?parent=5275"}],"wp:term":[{"taxonomy":"product_brand","embeddable":true,"href":"https:\/\/www.orcangroup.com.tr\/en\/wp-json\/wp\/v2\/product_brand?post=5275"},{"taxonomy":"product_cat","embeddable":true,"href":"https:\/\/www.orcangroup.com.tr\/en\/wp-json\/wp\/v2\/product_cat?post=5275"},{"taxonomy":"product_tag","embeddable":true,"href":"https:\/\/www.orcangroup.com.tr\/en\/wp-json\/wp\/v2\/product_tag?post=5275"}],"curies":[{"name":"wp","href":"https:\/\/api.w.org\/{rel}","templated":true}]}}