{"id":5276,"date":"2025-10-02T18:05:13","date_gmt":"2025-10-02T15:05:13","guid":{"rendered":"https:\/\/www.orcangroup.com.tr\/?post_type=product&#038;p=5276"},"modified":"2025-10-04T21:09:04","modified_gmt":"2025-10-04T18:09:04","slug":"enjeksiyon-ozel","status":"publish","type":"product","link":"https:\/\/www.orcangroup.com.tr\/en\/product\/enjeksiyon-ozel\/","title":{"rendered":"CUSTOM INJECTION"},"content":{"rendered":"<p>Production is carried out using high-capacity EPS injection machines with molds specially prepared for each product.<\/p>\n<p>With injection technology and custom molds, it is possible to produce products in many different shapes. Examples include the cylindrical container we prepared for a client, used in the field of nuclear medicine (shown on the left), as well as in-reservoir products of various shapes for different brands and adhesive packaging boxes.<\/p>\n<p>Through the production of these and similar product containers, we serve a wide range of industries.<\/p>","protected":false},"excerpt":{"rendered":"<p>Y\u00fcksek \u00fcretim kapasiteli EPS enjeksiyon makinalar\u0131 ile her \u00fcr\u00fcn i\u00e7in \u00f6zel olarak haz\u0131rlanan kal\u0131plarla \u00fcretim yap\u0131lmaktad\u0131r. Enjeksiyon teknolojisi ile \u00f6zel kal\u0131plar kullanarak bir \u00e7ok farkl\u0131 formda \u00fcr\u00fcnler elde etmek m\u00fcmk\u00fcnd\u00fcr. Solda g\u00f6rselleri bulunan, bir m\u00fc\u015fterimiz i\u00e7in haz\u0131rlad\u0131\u011f\u0131m\u0131z ve n\u00fckleer t\u0131p alan\u0131nda kullan\u0131lan silindirik kutu, farkl\u0131 markalar\u0131n farkl\u0131 formlardaki rezervuar i\u00e7i \u00fcr\u00fcnleri ve tutkal ambalaj\u0131 kutular\u0131n\u0131 [&hellip;]<\/p>","protected":false},"featured_media":4998,"comment_status":"closed","ping_status":"closed","template":"","meta":{"inline_featured_image":false},"product_brand":[],"product_cat":[61],"product_tag":[],"class_list":{"0":"post-5276","1":"product","2":"type-product","3":"status-publish","4":"has-post-thumbnail","6":"product_cat-genel","8":"first","9":"instock","10":"shipping-taxable","11":"product-type-simple"},"_links":{"self":[{"href":"https:\/\/www.orcangroup.com.tr\/en\/wp-json\/wp\/v2\/product\/5276","targetHints":{"allow":["GET"]}}],"collection":[{"href":"https:\/\/www.orcangroup.com.tr\/en\/wp-json\/wp\/v2\/product"}],"about":[{"href":"https:\/\/www.orcangroup.com.tr\/en\/wp-json\/wp\/v2\/types\/product"}],"replies":[{"embeddable":true,"href":"https:\/\/www.orcangroup.com.tr\/en\/wp-json\/wp\/v2\/comments?post=5276"}],"wp:featuredmedia":[{"embeddable":true,"href":"https:\/\/www.orcangroup.com.tr\/en\/wp-json\/wp\/v2\/media\/4998"}],"wp:attachment":[{"href":"https:\/\/www.orcangroup.com.tr\/en\/wp-json\/wp\/v2\/media?parent=5276"}],"wp:term":[{"taxonomy":"product_brand","embeddable":true,"href":"https:\/\/www.orcangroup.com.tr\/en\/wp-json\/wp\/v2\/product_brand?post=5276"},{"taxonomy":"product_cat","embeddable":true,"href":"https:\/\/www.orcangroup.com.tr\/en\/wp-json\/wp\/v2\/product_cat?post=5276"},{"taxonomy":"product_tag","embeddable":true,"href":"https:\/\/www.orcangroup.com.tr\/en\/wp-json\/wp\/v2\/product_tag?post=5276"}],"curies":[{"name":"wp","href":"https:\/\/api.w.org\/{rel}","templated":true}]}}