{"id":5277,"date":"2025-10-02T18:07:10","date_gmt":"2025-10-02T15:07:10","guid":{"rendered":"https:\/\/www.orcangroup.com.tr\/?post_type=product&#038;p=5277"},"modified":"2025-11-05T12:29:36","modified_gmt":"2025-11-05T09:29:36","slug":"medikal-kutular","status":"publish","type":"product","link":"https:\/\/www.orcangroup.com.tr\/en\/product\/medikal-kutular\/","title":{"rendered":"MEDICAL CONTAINERS"},"content":{"rendered":"<p>We also serve the vital healthcare sector with our medicine boxes, blood tube boxes, and similar products, which we manufacture using our own injection molds and keep readily available in our stocks.<\/p>\n<table style=\"width: 100%; border-collapse: collapse; font-size: 10px; font-family: Arial, sans-serif;\">\n<thead>\n<tr style=\"background-color: #f5f5f5;\">\n<th style=\"padding: 4px; border: 1px solid #ddd; text-align: left;\">Product Name<\/th>\n<th style=\"padding: 4px; border: 1px solid #ddd; text-align: left;\">External Dimensions (mm)<\/th>\n<th style=\"padding: 4px; border: 1px solid #ddd; text-align: left;\">Internal Dimensions (mm)<\/th>\n<\/tr>\n<\/thead>\n<tbody>\n<tr>\n<td style=\"padding: 4px; border: 1px solid #ddd;\">Orcan Small Medicine Box<\/td>\n<td style=\"padding: 4px; border: 1px solid #ddd;\">385x325x210<\/td>\n<td style=\"padding: 4px; border: 1px solid #ddd;\">305x245x140<\/td>\n<\/tr>\n<tr>\n<td style=\"padding: 4px; border: 1px solid #ddd;\">Orcan Medium Medicine Box<\/td>\n<td style=\"padding: 4px; border: 1px solid #ddd;\">375x325x320<\/td>\n<td style=\"padding: 4px; border: 1px solid #ddd;\">295x245x245<\/td>\n<\/tr>\n<tr>\n<td style=\"padding: 4px; border: 1px solid #ddd;\">Orcan Large Medicine Box<\/td>\n<td style=\"padding: 4px; border: 1px solid #ddd;\">470x415x315<\/td>\n<td style=\"padding: 4px; border: 1px solid #ddd;\">395x335x235<\/td>\n<\/tr>\n<tr>\n<td style=\"padding: 4px; border: 1px solid #ddd;\">ORC-1 Medicine Box with Separator<\/td>\n<td style=\"padding: 4px; border: 1px solid #ddd;\">595x695x440<\/td>\n<td style=\"padding: 4px; border: 1px solid #ddd;\">570x360x320<\/td>\n<\/tr>\n<tr>\n<td style=\"padding: 4px; border: 1px solid #ddd;\">ORC-1 Medicine Box without Separator<\/td>\n<td style=\"padding: 4px; border: 1px solid #ddd;\">595x695x440<\/td>\n<td style=\"padding: 4px; border: 1px solid #ddd;\">570x470x320<\/td>\n<\/tr>\n<tr>\n<td style=\"padding: 4px; border: 1px solid #ddd;\">ORC-1B Medicine Box with Separator<\/td>\n<td style=\"padding: 4px; border: 1px solid #ddd;\">595x695x380<\/td>\n<td style=\"padding: 4px; border: 1px solid #ddd;\">570x360x260<\/td>\n<\/tr>\n<tr>\n<td style=\"padding: 4px; border: 1px solid #ddd;\">ORC-1B Medicine Box without Separator<\/td>\n<td style=\"padding: 4px; border: 1px solid #ddd;\">595x695x380<\/td>\n<td style=\"padding: 4px; border: 1px solid #ddd;\">570x470x260<\/td>\n<\/tr>\n<tr>\n<td style=\"padding: 4px; border: 1px solid #ddd;\">ORC-1C Medicine Box with Separator<\/td>\n<td style=\"padding: 4px; border: 1px solid #ddd;\">595x695x320<\/td>\n<td style=\"padding: 4px; border: 1px solid #ddd;\">570x360x200<\/td>\n<\/tr>\n<tr>\n<td style=\"padding: 4px; border: 1px solid #ddd;\">ORC-1C Medicine Box without Separator<\/td>\n<td style=\"padding: 4px; border: 1px solid #ddd;\">595x695x320<\/td>\n<td style=\"padding: 4px; border: 1px solid #ddd;\">570x470x200<\/td>\n<\/tr>\n<\/tbody>\n<\/table>","protected":false},"excerpt":{"rendered":"<p>Kendi enjeksiyon kal\u0131plar\u0131m\u0131z ile \u00fcretti\u011fimiz ve yine stoklar\u0131m\u0131zda haz\u0131r bulunan ila\u00e7 kutular\u0131, kan t\u00fcp\u00fc kutular\u0131 ve benzeri \u00fcr\u00fcnlerimizle hayati \u00f6nem ta\u015f\u0131yan sa\u011fl\u0131k sekt\u00f6r\u00fcne de hizmet etmekteyiz. \u00dcr\u00fcn Ad\u0131 D\u0131\u015f \u00d6l\u00e7\u00fc (mm) \u0130\u00e7 \u00d6l\u00e7\u00fc (mm) Orcan K\u00fc\u00e7\u00fck \u0130la\u00e7 Kutusu 385x325x210 305x245x140 Orcan Orta \u0130la\u00e7 Kutusu 375x325x320 295x245x245 Orcan B\u00fcy\u00fck \u0130la\u00e7 Kutusu 470x415x315 395x335x235 ORC-1 Separat\u00f6rl\u00fc \u0130la\u00e7 [&hellip;]<\/p>","protected":false},"featured_media":5997,"comment_status":"closed","ping_status":"closed","template":"","meta":{"inline_featured_image":false},"product_brand":[],"product_cat":[61],"product_tag":[],"class_list":{"0":"post-5277","1":"product","2":"type-product","3":"status-publish","4":"has-post-thumbnail","6":"product_cat-genel","8":"first","9":"instock","10":"shipping-taxable","11":"product-type-simple"},"_links":{"self":[{"href":"https:\/\/www.orcangroup.com.tr\/en\/wp-json\/wp\/v2\/product\/5277","targetHints":{"allow":["GET"]}}],"collection":[{"href":"https:\/\/www.orcangroup.com.tr\/en\/wp-json\/wp\/v2\/product"}],"about":[{"href":"https:\/\/www.orcangroup.com.tr\/en\/wp-json\/wp\/v2\/types\/product"}],"replies":[{"embeddable":true,"href":"https:\/\/www.orcangroup.com.tr\/en\/wp-json\/wp\/v2\/comments?post=5277"}],"wp:featuredmedia":[{"embeddable":true,"href":"https:\/\/www.orcangroup.com.tr\/en\/wp-json\/wp\/v2\/media\/5997"}],"wp:attachment":[{"href":"https:\/\/www.orcangroup.com.tr\/en\/wp-json\/wp\/v2\/media?parent=5277"}],"wp:term":[{"taxonomy":"product_brand","embeddable":true,"href":"https:\/\/www.orcangroup.com.tr\/en\/wp-json\/wp\/v2\/product_brand?post=5277"},{"taxonomy":"product_cat","embeddable":true,"href":"https:\/\/www.orcangroup.com.tr\/en\/wp-json\/wp\/v2\/product_cat?post=5277"},{"taxonomy":"product_tag","embeddable":true,"href":"https:\/\/www.orcangroup.com.tr\/en\/wp-json\/wp\/v2\/product_tag?post=5277"}],"curies":[{"name":"wp","href":"https:\/\/api.w.org\/{rel}","templated":true}]}}