{"id":5278,"date":"2025-10-02T18:07:59","date_gmt":"2025-10-02T15:07:59","guid":{"rendered":"https:\/\/www.orcangroup.com.tr\/?post_type=product&#038;p=5278"},"modified":"2025-11-10T18:06:47","modified_gmt":"2025-11-10T15:06:47","slug":"balik-kutulari","status":"publish","type":"product","link":"https:\/\/www.orcangroup.com.tr\/en\/product\/balik-kutulari\/","title":{"rendered":"FISH BOXES"},"content":{"rendered":"<table style=\"width: 100%; border-collapse: collapse; font-size: 14px; font-family: Arial, sans-serif;\">\n<thead>\n<tr style=\"background-color: #f5f5f5;\">\n<th style=\"padding: 8px; border: 1px solid #ddd; text-align: left;\">Product Name<\/th>\n<th style=\"padding: 8px; border: 1px solid #ddd; text-align: left;\">External Dimensions (mm)<\/th>\n<th style=\"padding: 8px; border: 1px solid #ddd; text-align: left;\">Internal Dimensions (mm)<\/th>\n<\/tr>\n<\/thead>\n<tbody>\n<tr>\n<td style=\"padding: 8px; border: 1px solid #ddd;\">B \u2013 1 Fish Box<\/td>\n<td style=\"padding: 8px; border: 1px solid #ddd;\">397x298x170<\/td>\n<td style=\"padding: 8px; border: 1px solid #ddd;\">365x263x132<\/td>\n<\/tr>\n<tr>\n<td style=\"padding: 8px; border: 1px solid #ddd;\">B \u2013 2 Fish Box<\/td>\n<td style=\"padding: 8px; border: 1px solid #ddd;\">495x395x190<\/td>\n<td style=\"padding: 8px; border: 1px solid #ddd;\">453x355x144<\/td>\n<\/tr>\n<tr>\n<td style=\"padding: 8px; border: 1px solid #ddd;\">B \u2013 3 Fish Box<\/td>\n<td style=\"padding: 8px; border: 1px solid #ddd;\">503x406x268<\/td>\n<td style=\"padding: 8px; border: 1px solid #ddd;\">463x365x203<\/td>\n<\/tr>\n<tr>\n<td style=\"padding: 8px; border: 1px solid #ddd;\">B \u2013 4 Fish Box<\/td>\n<td style=\"padding: 8px; border: 1px solid #ddd;\">510x325x140<\/td>\n<td style=\"padding: 8px; border: 1px solid #ddd;\">475x290x105<\/td>\n<\/tr>\n<tr>\n<td style=\"padding: 8px; border: 1px solid #ddd;\">B \u2013 5 Fish Box<\/td>\n<td style=\"padding: 8px; border: 1px solid #ddd;\">400x300x174<\/td>\n<td style=\"padding: 8px; border: 1px solid #ddd;\">367x267x135<\/td>\n<\/tr>\n<tr>\n<td style=\"padding: 8px; border: 1px solid #ddd;\">B \u2013 6 Fish Box<\/td>\n<td style=\"padding: 8px; border: 1px solid #ddd;\">480x360x203<\/td>\n<td style=\"padding: 8px; border: 1px solid #ddd;\">426x306x174<\/td>\n<\/tr>\n<tr>\n<td style=\"padding: 8px; border: 1px solid #ddd;\">B &#8211; 7 Bal\u0131k Kutusu<\/td>\n<td style=\"padding: 8px; border: 1px solid #ddd;\">790x400x240<\/td>\n<td style=\"padding: 8px; border: 1px solid #ddd;\">730x340x165<\/td>\n<\/tr>\n<tr>\n<td style=\"padding: 8px; border: 1px solid #ddd;\">B &#8211; 8 Hamsi Kutusu<\/td>\n<td style=\"padding: 8px; border: 1px solid #ddd;\">590x390x135<\/td>\n<td style=\"padding: 8px; border: 1px solid #ddd;\">545x345x96<\/td>\n<\/tr>\n<\/tbody>\n<\/table>","protected":false},"excerpt":{"rendered":"<p>\u00dcr\u00fcn Ad\u0131 D\u0131\u015f \u00d6l\u00e7\u00fc (mm) \u0130\u00e7 \u00d6l\u00e7\u00fc (mm) B &#8211; 1 Bal\u0131k Kutusu 397x298x170 365x263x132 B &#8211; 2 Bal\u0131k Kutusu 495x395x190 453x355x144 B &#8211; 3 Bal\u0131k Kutusu 503x406x268 463x365x203 B &#8211; 4 Bal\u0131k Kutusu 510x325x140 475x290x105 B &#8211; 5 Bal\u0131k Kutusu 400x300x174 367x267x135 B &#8211; 6 Bal\u0131k Kutusu 480x360x203 426x306x174 B &#8211; 7 Bal\u0131k Kutusu [&hellip;]<\/p>","protected":false},"featured_media":4986,"comment_status":"closed","ping_status":"closed","template":"","meta":{"inline_featured_image":false},"product_brand":[],"product_cat":[61],"product_tag":[],"class_list":{"0":"post-5278","1":"product","2":"type-product","3":"status-publish","4":"has-post-thumbnail","6":"product_cat-genel","8":"first","9":"instock","10":"shipping-taxable","11":"product-type-simple"},"_links":{"self":[{"href":"https:\/\/www.orcangroup.com.tr\/en\/wp-json\/wp\/v2\/product\/5278","targetHints":{"allow":["GET"]}}],"collection":[{"href":"https:\/\/www.orcangroup.com.tr\/en\/wp-json\/wp\/v2\/product"}],"about":[{"href":"https:\/\/www.orcangroup.com.tr\/en\/wp-json\/wp\/v2\/types\/product"}],"replies":[{"embeddable":true,"href":"https:\/\/www.orcangroup.com.tr\/en\/wp-json\/wp\/v2\/comments?post=5278"}],"wp:featuredmedia":[{"embeddable":true,"href":"https:\/\/www.orcangroup.com.tr\/en\/wp-json\/wp\/v2\/media\/4986"}],"wp:attachment":[{"href":"https:\/\/www.orcangroup.com.tr\/en\/wp-json\/wp\/v2\/media?parent=5278"}],"wp:term":[{"taxonomy":"product_brand","embeddable":true,"href":"https:\/\/www.orcangroup.com.tr\/en\/wp-json\/wp\/v2\/product_brand?post=5278"},{"taxonomy":"product_cat","embeddable":true,"href":"https:\/\/www.orcangroup.com.tr\/en\/wp-json\/wp\/v2\/product_cat?post=5278"},{"taxonomy":"product_tag","embeddable":true,"href":"https:\/\/www.orcangroup.com.tr\/en\/wp-json\/wp\/v2\/product_tag?post=5278"}],"curies":[{"name":"wp","href":"https:\/\/api.w.org\/{rel}","templated":true}]}}