{"id":5281,"date":"2025-10-02T18:11:08","date_gmt":"2025-10-02T15:11:08","guid":{"rendered":"https:\/\/www.orcangroup.com.tr\/?post_type=product&#038;p=5281"},"modified":"2025-11-02T23:22:09","modified_gmt":"2025-11-02T20:22:09","slug":"dondurma-kutulari","status":"publish","type":"product","link":"https:\/\/www.orcangroup.com.tr\/en\/product\/dondurma-kutulari\/","title":{"rendered":"ICE CREAM CONTAINERS"},"content":{"rendered":"<p>Ice cream containers produced with our own injection molds are used for shipments that require the cold chain to remain intact, allowing us to meet our customers\u2019 needs instantly from our stock.<\/p>\n<table style=\"width: 100%; border-collapse: collapse; font-size: 14px; font-family: Arial, sans-serif;\">\n<thead>\n<tr style=\"background-color: #f5f5f5;\">\n<th style=\"padding: 8px; border: 1px solid #ddd; text-align: left;\">Product Name<\/th>\n<th style=\"padding: 8px; border: 1px solid #ddd; text-align: left;\">External Dimensions (mm)<\/th>\n<th style=\"padding: 8px; border: 1px solid #ddd; text-align: left;\">Internal Dimensions (mm)<\/th>\n<\/tr>\n<\/thead>\n<tbody>\n<tr>\n<td style=\"padding: 8px; border: 1px solid #ddd;\">1 kg Ice Cream Container<\/td>\n<td style=\"padding: 8px; border: 1px solid #ddd;\">255x206x167<\/td>\n<td style=\"padding: 8px; border: 1px solid #ddd;\">205x155x120<\/td>\n<\/tr>\n<tr>\n<td style=\"padding: 8px; border: 1px solid #ddd;\">0.5 kg Ice Cream Container<\/td>\n<td style=\"padding: 8px; border: 1px solid #ddd;\">246x155x125<\/td>\n<td style=\"padding: 8px; border: 1px solid #ddd;\">215x122x100<\/td>\n<\/tr>\n<tr>\n<td style=\"padding: 8px; border: 1px solid #ddd;\">Ice Cream 1.0 kg Container<\/td>\n<td style=\"padding: 8px; border: 1px solid #ddd;\">250x145x100<\/td>\n<td style=\"padding: 8px; border: 1px solid #ddd;\">235x125x60<\/td>\n<\/tr>\n<tr>\n<td style=\"padding: 8px; border: 1px solid #ddd;\">Ice Cream 0.5 kg Container<\/td>\n<td style=\"padding: 8px; border: 1px solid #ddd;\">205x120x85<\/td>\n<td style=\"padding: 8px; border: 1px solid #ddd;\">190x100x45<\/td>\n<\/tr>\n<\/tbody>\n<\/table>","protected":false},"excerpt":{"rendered":"<p>Kendimize ait enjeksiyon kal\u0131plar\u0131 ile \u00fcretilen dondurma kutular\u0131, so\u011fuk zinciri bozulmadan yap\u0131lmas\u0131 gereken sevkiyatlarda kullan\u0131lmakta, m\u00fc\u015fterilerimizin ihtiya\u00e7lar\u0131 stoklar\u0131m\u0131zdan an\u0131nda kar\u015f\u0131lanmaktad\u0131r. \u00dcr\u00fcn Ad\u0131 D\u0131\u015f \u00d6l\u00e7\u00fc (mm) \u0130\u00e7 \u00d6l\u00e7\u00fc (mm) Dondurma Kutusu 1 kg 255x206x167 205x155x120 Dondurma Kutusu 0,5 kg 246x155x125 215x122x100 Ice Cream 1,0 kg Dondurma Kutusu 250x145x100 235x125x60 Ice Cream 0,5 kg Dondurma Kutusu 205x120x85 [&hellip;]<\/p>","protected":false},"featured_media":4974,"comment_status":"closed","ping_status":"closed","template":"","meta":{"inline_featured_image":false},"product_brand":[],"product_cat":[61],"product_tag":[],"class_list":{"0":"post-5281","1":"product","2":"type-product","3":"status-publish","4":"has-post-thumbnail","6":"product_cat-genel","8":"first","9":"instock","10":"shipping-taxable","11":"product-type-simple"},"_links":{"self":[{"href":"https:\/\/www.orcangroup.com.tr\/en\/wp-json\/wp\/v2\/product\/5281","targetHints":{"allow":["GET"]}}],"collection":[{"href":"https:\/\/www.orcangroup.com.tr\/en\/wp-json\/wp\/v2\/product"}],"about":[{"href":"https:\/\/www.orcangroup.com.tr\/en\/wp-json\/wp\/v2\/types\/product"}],"replies":[{"embeddable":true,"href":"https:\/\/www.orcangroup.com.tr\/en\/wp-json\/wp\/v2\/comments?post=5281"}],"wp:featuredmedia":[{"embeddable":true,"href":"https:\/\/www.orcangroup.com.tr\/en\/wp-json\/wp\/v2\/media\/4974"}],"wp:attachment":[{"href":"https:\/\/www.orcangroup.com.tr\/en\/wp-json\/wp\/v2\/media?parent=5281"}],"wp:term":[{"taxonomy":"product_brand","embeddable":true,"href":"https:\/\/www.orcangroup.com.tr\/en\/wp-json\/wp\/v2\/product_brand?post=5281"},{"taxonomy":"product_cat","embeddable":true,"href":"https:\/\/www.orcangroup.com.tr\/en\/wp-json\/wp\/v2\/product_cat?post=5281"},{"taxonomy":"product_tag","embeddable":true,"href":"https:\/\/www.orcangroup.com.tr\/en\/wp-json\/wp\/v2\/product_tag?post=5281"}],"curies":[{"name":"wp","href":"https:\/\/api.w.org\/{rel}","templated":true}]}}